{"id":2654,"date":"2020-06-10T11:37:01","date_gmt":"2020-06-10T09:37:01","guid":{"rendered":"https:\/\/www.gianlucaluisi.com\/?post_type=product&#038;p=2654"},"modified":"2025-04-12T14:08:25","modified_gmt":"2025-04-12T12:08:25","slug":"opera-28","status":"publish","type":"product","link":"https:\/\/www.gianlucaluisi.com\/en\/prodotto\/opera-28\/","title":{"rendered":"Opera 28"},"content":{"rendered":"","protected":false},"excerpt":{"rendered":"<p style=\"font-weight: 400;\">Avete mai immaginato di andare a lezione da Chopin? Preparatevi a farlo perch\u00e9 non c\u2019\u00e8 peso pi\u00f9 grande che regga quello della fantasia! Una fantasia che viaggia nei meandri pi\u00f9 profondi dell\u2019anima, nei nostri dubbi, nelle nostre perplessit\u00e0. Preparatevi a vivere una \u201cfavola\u201d che spazia tra le righe lette e non lette della nostra mente, spoglia di ogni vanit\u00e0 e orgoglio.<\/p>\n<p>[fusion_accordion type=\"\" boxed_mode=\"\" border_size=\"1\" border_color=\"\" background_color=\"\" hover_color=\"\" divider_line=\"\" title_font_size=\"\" icon_size=\"\" icon_color=\"\" icon_boxed_mode=\"\" icon_box_color=\"\" icon_alignment=\"\" toggle_hover_accent_color=\"#ffd800\" hide_on_mobile=\"small-visibility,medium-visibility,large-visibility\" class=\"\" id=\"\"][fusion_toggle title=\"Leggi ancora...\" open=\"no\" class=\"\" id=\"\"]<\/p>\n<p style=\"font-weight: 400;\">S\u00ec, perch\u00e9 l\u2019arma pi\u00f9 potente che possa avere la musica \u00e8 il dono del viaggio, la capacit\u00e0 di far viaggiare l\u2019ascoltatore nell\u2019immaginazione, di creare una storia vera, la nostra storia, tra strade facili, gi\u00e0 percorse, e vie buie, sconosciute, tra percorsi dissestati, buche e ponti da rifare. Un viaggio in grado di farci aprire la porta di una stanza nascosta, una stanza che scegliamo per abbandonarci e sentirci liberi di vivere la nostra vita, senza ostacoli e costrizioni, con la nostra unica fantasia, quella fantasia che fa perdere la cognizione della realt\u00e0, ma non l\u2019obiettivo, per poi ritrovarla, quella che ci fa chiedere: dove mi trovo? Che sto facendo? Voglio andare l\u00ec, ne sono certo.<\/p>\n<p style=\"font-weight: 400;\">Chi non ha mai desiderato di essere risucchiato in un bel sogno, in un film denso di mistero, in un libro avvincente, quasi come accadde al ragazzino Bastian che varcava le soglie del regno di Fant\u00e0sia entrando nei sussurri di quel volume \u201cstrano\u201d\u00a0<em>La storia infinita<\/em>?<\/p>\n<p style=\"font-weight: 400;\">Nessun Falkor come compagno di viaggio, ma, tra realt\u00e0 ed immaginazione, tra documenti e fantasia, queste pagine sembrano presentarsi sotto forma di saggio allegorico-didattico, un saggio destinato a giovani pianisti \u201ccuriosi\u201d. Per questo troverete un linguaggio semplice, familiare, veloce, immediato, che non manca di poesia: per chi conosce bene l\u2019autore ed il suo rapportarsi con i ragazzi, sembrer\u00e0 quasi di sentirlo parlare.<\/p>\n<p style=\"font-weight: 400;\">E non c\u2019\u00e8 neppure Dante con Virgilio o la sua Beatrice, cos\u00ec come, a volte, leggendo\u00a0<em>incipit<\/em>\u00a0quali \u201cQuel giorno [&#8230;] in quel tempo\u201d la sensazione di apprestarsi a leggere la Bibbia non \u00e8 poi tanto lontana. E spesso parole come Arte, Pianoforte, Amico, Musica sono indicate in maiuscolo quasi a voler essere personificate, cos\u00ec come San Francesco fece con la \u201cMadre Terra che ci nutre e ci governa\u201d.<\/p>\n<p style=\"font-weight: 400;\">Amare la musica vuol dire conoscere, coltivare se stessi e prendersene cura. Significa sentirsi parte del tutto. Essere pianisti aggiunge la conoscenza profonda di se stessi, uno studio costante nel tempo e nello spazio.<\/p>\n<p style=\"font-weight: 400;\">\u201cMente, cuore, mano\u201d di Mozart riecheggiano tra le righe di chi vive di musica e per la musica, di chi non solo parla, ma parla perch\u00e9 sa fare ed ha approfondito, di chi continua a porsi continue domande e vive secondo degli ideali molto forti. Senza alcun dubbio, emerge uno spiccato senso di gratitudine nei confronti di Chopin, non meno ammirazione per Arrau: \u201cil Maestro\u201d. Non un maestro qualsiasi. Un maestro \u201cda manuale\u201d, un manuale spirituale.<\/p>\n<p style=\"font-weight: 400;\">Parlare al passato implica un \u201crisveglio\u201d, ne diventa testimonianza il racconto, la \u201cchiave\u201d per vivere al meglio il presente e risolvere i suoi problemi, probabilmente una sorta di razionalizzazione di \u201cci\u00f2 che \u00e8\u201d e di \u201cci\u00f2 che accade\u201d. A volte potrebbe persino capitare, leggendo, di immaginare nella vostra mano l\u2019orologio del Bianconiglio di Lewis Carroll e lui che corre, insieme a voi, senza sosta, per chiedervi: \u201cforse il Maestro intendeva questo? O quello? Oddio!\u201d \u2013 panico.<\/p>\n<p style=\"font-weight: 400;\">E, quando sembrer\u00e0 sparire attraverso una porta piccola, sempre pi\u00f9 piccola, inaspettatamente riapparir\u00e0: \u00e8 lui: il tempo. Potr\u00e0 farvi entrare in un attimo, contemporaneamente, nella mente di tutti, in quella dell\u2019allievo, in quella di Chopin, potr\u00e0 farvi sentire ora pi\u00f9 grandi, ora pi\u00f9 piccoli, esattamente come Alice, e indurvi a rischiare di non sapere pi\u00f9 da che parte stare, travolti in un \u201cmagma continuo\u201d eraclitiano, in un\u2019alternanza tra presente e passato, tra citazioni reali e particolari riflessioni: dove sono? Sto sbagliando? Dove vado adesso? Cosa voglio?<\/p>\n<p style=\"font-weight: 400;\">D\u2019altra parte, a volte, tornando alla realt\u00e0, non sar\u00e0 difficile chiedervi: Luisi \u00e8 dentro o fuori il racconto? \u00c8 il maestro che \u00e8 adesso? \u00c8 l\u2019allievo che \u00e8 stato? Ma presto vi accorgerete che poco importa: probabilmente \u00e8 tutto questo. La verit\u00e0, riprendendo Montaigne, sta nel mezzo. Forse. O, molto pi\u00f9 semplicemente, nella testa.<\/p>\n<p>[\/fusion_toggle][\/fusion_accordion]Wanderer Fantasie op. 15, 4 Impromptus op.90 D 899 6 Moments musicaux ( momenti musicali) D780Wanderer Fantasie op. 15, 4 Impromptus op.90 D 899<br \/>\n6 Moments musicaux ( momenti musicali) D780<\/p>\n","protected":false},"featured_media":2659,"comment_status":"open","ping_status":"closed","template":"","meta":[],"product_cat":[116],"product_tag":[],"yoast_head":"<!-- This site is optimized with the Yoast SEO plugin v21.8.1 - https:\/\/yoast.com\/wordpress\/plugins\/seo\/ -->\n<title>Opera 28 - Gianluca Luisi<\/title>\n<meta name=\"robots\" content=\"index, follow, max-snippet:-1, max-image-preview:large, max-video-preview:-1\" \/>\n<link rel=\"canonical\" href=\"https:\/\/www.gianlucaluisi.com\/en\/prodotto\/opera-28\/\" \/>\n<meta property=\"og:locale\" content=\"en_US\" \/>\n<meta property=\"og:type\" content=\"article\" \/>\n<meta property=\"og:title\" content=\"Opera 28 - Gianluca Luisi\" \/>\n<meta property=\"og:description\" content=\"Avete mai immaginato di andare a lezione da Chopin? Preparatevi a farlo perch\u00e9 non c\u2019\u00e8 peso pi\u00f9 grande che regga quello della fantasia! Una fantasia che viaggia nei meandri pi\u00f9 profondi dell\u2019anima, nei nostri dubbi, nelle nostre perplessit\u00e0. Preparatevi a vivere una \u201cfavola\u201d che spazia tra le righe lette e non lette della nostra mente, spoglia di ogni vanit\u00e0 e orgoglio. Wanderer Fantasie op. 15, 4 Impromptus op.90 D 899 6 Moments musicaux ( momenti musicali) D780Wanderer Fantasie op. 15, 4 Impromptus op.90 D 899 6 Moments musicaux ( momenti musicali) D780\" \/>\n<meta property=\"og:url\" content=\"https:\/\/www.gianlucaluisi.com\/en\/prodotto\/opera-28\/\" \/>\n<meta property=\"og:site_name\" content=\"Gianluca Luisi\" \/>\n<meta property=\"article:publisher\" content=\"https:\/\/www.facebook.com\/GianlucaLuisiPianist\" \/>\n<meta property=\"article:modified_time\" content=\"2025-04-12T12:08:25+00:00\" \/>\n<meta property=\"og:image\" content=\"https:\/\/www.gianlucaluisi.com\/wp-content\/uploads\/2020\/06\/Opera28-GianlucaLuisi.jpg\" \/>\n\t<meta property=\"og:image:width\" content=\"1200\" \/>\n\t<meta property=\"og:image:height\" content=\"1200\" \/>\n\t<meta property=\"og:image:type\" content=\"image\/jpeg\" \/>\n<meta name=\"twitter:card\" content=\"summary_large_image\" \/>\n<script type=\"application\/ld+json\" class=\"yoast-schema-graph\">{\"@context\":\"https:\/\/schema.org\",\"@graph\":[{\"@type\":\"WebPage\",\"@id\":\"https:\/\/www.gianlucaluisi.com\/en\/prodotto\/opera-28\/\",\"url\":\"https:\/\/www.gianlucaluisi.com\/en\/prodotto\/opera-28\/\",\"name\":\"Opera 28 - Gianluca Luisi\",\"isPartOf\":{\"@id\":\"https:\/\/www.gianlucaluisi.com\/#website\"},\"datePublished\":\"2020-06-10T09:37:01+00:00\",\"dateModified\":\"2025-04-12T12:08:25+00:00\",\"breadcrumb\":{\"@id\":\"https:\/\/www.gianlucaluisi.com\/en\/prodotto\/opera-28\/#breadcrumb\"},\"inLanguage\":\"en-US\",\"potentialAction\":[{\"@type\":\"ReadAction\",\"target\":[\"https:\/\/www.gianlucaluisi.com\/en\/prodotto\/opera-28\/\"]}]},{\"@type\":\"BreadcrumbList\",\"@id\":\"https:\/\/www.gianlucaluisi.com\/en\/prodotto\/opera-28\/#breadcrumb\",\"itemListElement\":[{\"@type\":\"ListItem\",\"position\":1,\"name\":\"Home\",\"item\":\"https:\/\/www.gianlucaluisi.com\/en\/\"},{\"@type\":\"ListItem\",\"position\":2,\"name\":\"Shop\",\"item\":\"https:\/\/www.gianlucaluisi.com\/negozio\/\"},{\"@type\":\"ListItem\",\"position\":3,\"name\":\"Opera 28\"}]},{\"@type\":\"WebSite\",\"@id\":\"https:\/\/www.gianlucaluisi.com\/#website\",\"url\":\"https:\/\/www.gianlucaluisi.com\/\",\"name\":\"Gianluca Luisi Pianist\",\"description\":\"Official Web Site\",\"publisher\":{\"@id\":\"https:\/\/www.gianlucaluisi.com\/#organization\"},\"potentialAction\":[{\"@type\":\"SearchAction\",\"target\":{\"@type\":\"EntryPoint\",\"urlTemplate\":\"https:\/\/www.gianlucaluisi.com\/?s={search_term_string}\"},\"query-input\":\"required name=search_term_string\"}],\"inLanguage\":\"en-US\"},{\"@type\":\"Organization\",\"@id\":\"https:\/\/www.gianlucaluisi.com\/#organization\",\"name\":\"Gianluca Luisi Pianist\",\"url\":\"https:\/\/www.gianlucaluisi.com\/\",\"logo\":{\"@type\":\"ImageObject\",\"inLanguage\":\"en-US\",\"@id\":\"https:\/\/www.gianlucaluisi.com\/#\/schema\/logo\/image\/\",\"url\":\"https:\/\/www.gianlucaluisi.com\/wp-content\/uploads\/2019\/04\/gianlucaluisi-fotopress-1.jpg\",\"contentUrl\":\"https:\/\/www.gianlucaluisi.com\/wp-content\/uploads\/2019\/04\/gianlucaluisi-fotopress-1.jpg\",\"width\":550,\"height\":550,\"caption\":\"Gianluca Luisi Pianist\"},\"image\":{\"@id\":\"https:\/\/www.gianlucaluisi.com\/#\/schema\/logo\/image\/\"},\"sameAs\":[\"https:\/\/www.facebook.com\/GianlucaLuisiPianist\",\"https:\/\/www.instagram.com\/gianlucaluisi1\/\",\"https:\/\/www.youtube.com\/user\/GianluLuisi\"]}]}<\/script>\n<!-- \/ Yoast SEO plugin. -->","yoast_head_json":{"title":"Opera 28 - Gianluca Luisi","robots":{"index":"index","follow":"follow","max-snippet":"max-snippet:-1","max-image-preview":"max-image-preview:large","max-video-preview":"max-video-preview:-1"},"canonical":"https:\/\/www.gianlucaluisi.com\/en\/prodotto\/opera-28\/","og_locale":"en_US","og_type":"article","og_title":"Opera 28 - Gianluca Luisi","og_description":"Avete mai immaginato di andare a lezione da Chopin? Preparatevi a farlo perch\u00e9 non c\u2019\u00e8 peso pi\u00f9 grande che regga quello della fantasia! Una fantasia che viaggia nei meandri pi\u00f9 profondi dell\u2019anima, nei nostri dubbi, nelle nostre perplessit\u00e0. Preparatevi a vivere una \u201cfavola\u201d che spazia tra le righe lette e non lette della nostra mente, spoglia di ogni vanit\u00e0 e orgoglio. Wanderer Fantasie op. 15, 4 Impromptus op.90 D 899 6 Moments musicaux ( momenti musicali) D780Wanderer Fantasie op. 15, 4 Impromptus op.90 D 899 6 Moments musicaux ( momenti musicali) D780","og_url":"https:\/\/www.gianlucaluisi.com\/en\/prodotto\/opera-28\/","og_site_name":"Gianluca Luisi","article_publisher":"https:\/\/www.facebook.com\/GianlucaLuisiPianist","article_modified_time":"2025-04-12T12:08:25+00:00","og_image":[{"width":1200,"height":1200,"url":"https:\/\/www.gianlucaluisi.com\/wp-content\/uploads\/2020\/06\/Opera28-GianlucaLuisi.jpg","type":"image\/jpeg"}],"twitter_card":"summary_large_image","schema":{"@context":"https:\/\/schema.org","@graph":[{"@type":"WebPage","@id":"https:\/\/www.gianlucaluisi.com\/en\/prodotto\/opera-28\/","url":"https:\/\/www.gianlucaluisi.com\/en\/prodotto\/opera-28\/","name":"Opera 28 - Gianluca Luisi","isPartOf":{"@id":"https:\/\/www.gianlucaluisi.com\/#website"},"datePublished":"2020-06-10T09:37:01+00:00","dateModified":"2025-04-12T12:08:25+00:00","breadcrumb":{"@id":"https:\/\/www.gianlucaluisi.com\/en\/prodotto\/opera-28\/#breadcrumb"},"inLanguage":"en-US","potentialAction":[{"@type":"ReadAction","target":["https:\/\/www.gianlucaluisi.com\/en\/prodotto\/opera-28\/"]}]},{"@type":"BreadcrumbList","@id":"https:\/\/www.gianlucaluisi.com\/en\/prodotto\/opera-28\/#breadcrumb","itemListElement":[{"@type":"ListItem","position":1,"name":"Home","item":"https:\/\/www.gianlucaluisi.com\/en\/"},{"@type":"ListItem","position":2,"name":"Shop","item":"https:\/\/www.gianlucaluisi.com\/negozio\/"},{"@type":"ListItem","position":3,"name":"Opera 28"}]},{"@type":"WebSite","@id":"https:\/\/www.gianlucaluisi.com\/#website","url":"https:\/\/www.gianlucaluisi.com\/","name":"Gianluca Luisi Pianist","description":"Official Web Site","publisher":{"@id":"https:\/\/www.gianlucaluisi.com\/#organization"},"potentialAction":[{"@type":"SearchAction","target":{"@type":"EntryPoint","urlTemplate":"https:\/\/www.gianlucaluisi.com\/?s={search_term_string}"},"query-input":"required name=search_term_string"}],"inLanguage":"en-US"},{"@type":"Organization","@id":"https:\/\/www.gianlucaluisi.com\/#organization","name":"Gianluca Luisi Pianist","url":"https:\/\/www.gianlucaluisi.com\/","logo":{"@type":"ImageObject","inLanguage":"en-US","@id":"https:\/\/www.gianlucaluisi.com\/#\/schema\/logo\/image\/","url":"https:\/\/www.gianlucaluisi.com\/wp-content\/uploads\/2019\/04\/gianlucaluisi-fotopress-1.jpg","contentUrl":"https:\/\/www.gianlucaluisi.com\/wp-content\/uploads\/2019\/04\/gianlucaluisi-fotopress-1.jpg","width":550,"height":550,"caption":"Gianluca Luisi Pianist"},"image":{"@id":"https:\/\/www.gianlucaluisi.com\/#\/schema\/logo\/image\/"},"sameAs":["https:\/\/www.facebook.com\/GianlucaLuisiPianist","https:\/\/www.instagram.com\/gianlucaluisi1\/","https:\/\/www.youtube.com\/user\/GianluLuisi"]}]}},"_links":{"self":[{"href":"https:\/\/www.gianlucaluisi.com\/en\/wp-json\/wp\/v2\/product\/2654"}],"collection":[{"href":"https:\/\/www.gianlucaluisi.com\/en\/wp-json\/wp\/v2\/product"}],"about":[{"href":"https:\/\/www.gianlucaluisi.com\/en\/wp-json\/wp\/v2\/types\/product"}],"replies":[{"embeddable":true,"href":"https:\/\/www.gianlucaluisi.com\/en\/wp-json\/wp\/v2\/comments?post=2654"}],"wp:featuredmedia":[{"embeddable":true,"href":"https:\/\/www.gianlucaluisi.com\/en\/wp-json\/wp\/v2\/media\/2659"}],"wp:attachment":[{"href":"https:\/\/www.gianlucaluisi.com\/en\/wp-json\/wp\/v2\/media?parent=2654"}],"wp:term":[{"taxonomy":"product_cat","embeddable":true,"href":"https:\/\/www.gianlucaluisi.com\/en\/wp-json\/wp\/v2\/product_cat?post=2654"},{"taxonomy":"product_tag","embeddable":true,"href":"https:\/\/www.gianlucaluisi.com\/en\/wp-json\/wp\/v2\/product_tag?post=2654"}],"curies":[{"name":"wp","href":"https:\/\/api.w.org\/{rel}","templated":true}]}}