{"id":1495,"date":"2019-03-18T17:03:59","date_gmt":"2019-03-18T16:03:59","guid":{"rendered":"https:\/\/www.gianlucaluisi.com\/de\/?page_id=1495"},"modified":"2023-03-29T19:01:42","modified_gmt":"2023-03-29T17:01:42","slug":"biografie","status":"publish","type":"page","link":"https:\/\/www.gianlucaluisi.com\/de\/biografie\/","title":{"rendered":"BIOGRAFIE"},"content":{"rendered":"<p><div class=\"fusion-fullwidth fullwidth-box fusion-builder-row-1 fusion-parallax-none nonhundred-percent-fullwidth non-hundred-percent-height-scrolling lazyload\" style=\"--awb-background-blend-mode:overlay;--awb-border-sizes-top:0px;--awb-border-sizes-bottom:0px;--awb-border-sizes-left:0px;--awb-border-sizes-right:0px;--awb-border-radius-top-left:0px;--awb-border-radius-top-right:0px;--awb-border-radius-bottom-right:0px;--awb-border-radius-bottom-left:0px;--awb-padding-top:12%;--awb-padding-bottom:6%;--awb-margin-top:0px;--awb-margin-bottom:0px;--awb-background-color:rgba(0,0,0,0.10);--awb-background-size:cover;--awb-flex-wrap:wrap;\" data-bg=\"https:\/\/www.gianlucaluisi.com\/wp-content\/uploads\/2019\/04\/gianluca-luisi-biografia-header.jpg\" ><div class=\"fusion-builder-row fusion-row\"><div class=\"fusion-layout-column fusion_builder_column fusion-builder-column-0 fusion_builder_column_1_1 1_1 fusion-one-full fusion-column-first fusion-column-last\" style=\"--awb-bg-size:cover;\"><div class=\"fusion-column-wrapper fusion-flex-column-wrapper-legacy\"><div class=\"fusion-text fusion-text-1\"><div class=\"heading \">\n<div class=\"fusion-title-sc-wrapper\">\n<div class=\"fusion-title title fusion-sep-none fusion-title-center fusion-title-size-two fusion-border-below-title\">\n<h1 class=\"title-heading-center\" style=\"text-align: center;\" data-inline-fontsize=\"true\" data-inline-lineheight=\"true\" data-fontsize=\"60\"><span style=\"color: #ffffff; letter-spacing: 2px; font-weight: 100;\">Biografie<\/span><\/h1>\n<\/div>\n<\/div>\n<\/div>\n<div class=\"caption \">\n<div class=\"fusion-title-sc-wrapper\">\n<div class=\"fusion-title title fusion-sep-none fusion-title-center fusion-title-size-three fusion-border-below-title\" style=\"text-align: center;\"><span style=\"letter-spacing: 2px; font-weight: 300; line-height: 30px; color: #ffffff;\">&#8222;GIANLUCA LUISI GEHO\u0308RT ZU DEN HERAUSRAGENDEN PIANISTEN ITALIENS&#8230;&#8220;<\/span><\/div>\n<\/div>\n<\/div>\n<\/div><div class=\"fusion-clearfix\"><\/div><\/div><\/div><\/div><\/div><div class=\"fusion-fullwidth fullwidth-box fusion-builder-row-2 nonhundred-percent-fullwidth non-hundred-percent-height-scrolling fusion-equal-height-columns\" style=\"--awb-background-position:left top;--awb-border-sizes-top:0px;--awb-border-sizes-bottom:0px;--awb-border-sizes-left:0px;--awb-border-sizes-right:0px;--awb-border-radius-top-left:0px;--awb-border-radius-top-right:0px;--awb-border-radius-bottom-right:0px;--awb-border-radius-bottom-left:0px;--awb-padding-top:100px;--awb-padding-bottom:0px;--awb-flex-wrap:wrap;\" id=\"our-work\" ><div class=\"fusion-builder-row fusion-row\"><div class=\"fusion-layout-column fusion_builder_column fusion-builder-column-1 fusion_builder_column_2_3 2_3 fusion-two-third fusion-column-first\" style=\"--awb-bg-size:cover;width:65.3333%; margin-right: 4%;\"><div class=\"fusion-column-wrapper fusion-flex-column-wrapper-legacy\"><div class=\"fusion-column-content-centered\"><div class=\"fusion-column-content\"><div class=\"fusion-text fusion-text-2\"><h2>Biografie<\/h2>\n<\/div><div class=\"fusion-text fusion-text-3\"><p style=\"font-weight: 300; letter-spacing: 2px; font-size: 16px; text-transform: uppercase;\"><img decoding=\"async\" class=\"lazyload alignleft size-medium wp-image-1471\" src=\"https:\/\/www.gianlucaluisi.com\/wp-content\/uploads\/2019\/03\/luisi_biografia-300x229.jpg\" data-orig-src=\"https:\/\/www.gianlucaluisi.com\/wp-content\/uploads\/2019\/03\/luisi_biografia-300x229.jpg\" alt=\"\" width=\"300\" height=\"229\" srcset=\"data:image\/svg+xml,%3Csvg%20xmlns%3D%27http%3A%2F%2Fwww.w3.org%2F2000%2Fsvg%27%20width%3D%27300%27%20height%3D%27229%27%20viewBox%3D%270%200%20300%20229%27%3E%3Crect%20width%3D%27300%27%20height%3D%27229%27%20fill-opacity%3D%220%22%2F%3E%3C%2Fsvg%3E\" data-srcset=\"https:\/\/www.gianlucaluisi.com\/wp-content\/uploads\/2019\/03\/luisi_biografia-200x153.jpg 200w, https:\/\/www.gianlucaluisi.com\/wp-content\/uploads\/2019\/03\/luisi_biografia-300x229.jpg 300w, https:\/\/www.gianlucaluisi.com\/wp-content\/uploads\/2019\/03\/luisi_biografia.jpg 384w\" data-sizes=\"auto\" data-orig-sizes=\"(max-width: 300px) 100vw, 300px\" \/>Wahrhaft Unglaubliches muss ein Pianist leisten, der sich diesen voller klanglicher und technischer Ho\u0308chstschwierigkeiten berstenden Transkriptionen von Franz Liszt annehmen will.<\/p>\n<\/div><\/div><\/div><div class=\"fusion-clearfix\"><\/div><\/div><\/div><\/div><\/div><div class=\"fusion-fullwidth fullwidth-box fusion-builder-row-3 nonhundred-percent-fullwidth non-hundred-percent-height-scrolling fusion-equal-height-columns\" style=\"--awb-background-position:left top;--awb-border-sizes-top:0px;--awb-border-sizes-bottom:0px;--awb-border-sizes-left:0px;--awb-border-sizes-right:0px;--awb-border-radius-top-left:0px;--awb-border-radius-top-right:0px;--awb-border-radius-bottom-right:0px;--awb-border-radius-bottom-left:0px;--awb-padding-top:100px;--awb-padding-bottom:0px;--awb-flex-wrap:wrap;\" id=\"our-work\" ><div class=\"fusion-builder-row fusion-row\"><div class=\"fusion-layout-column fusion_builder_column fusion-builder-column-2 fusion_builder_column_1_1 1_1 fusion-one-full fusion-column-first fusion-column-last\" style=\"--awb-bg-size:cover;\"><div class=\"fusion-column-wrapper fusion-flex-column-wrapper-legacy\"><div class=\"fusion-column-content-centered\"><div class=\"fusion-column-content\"><div class=\"fusion-text fusion-text-4\"><p><span style=\"font-weight: 400;\">Kein Problem allerdings offenbar fu<\/span><span style=\"font-weight: 400;\">\u0308<\/span><span style=\"font-weight: 400;\">r den italienischen Starpianisten Gianluca Luisi, der nicht zuletzt bei den Musikfestpielen Saar mit seiner Interpretation der Klaviertranskriptionen zweier Beethoven-Symphonien langanhaltende Standing-Ovations erhielt.<\/span><\/p>\n<p><span style=\"font-weight: 400;\"><strong>Gianluca Luisi<\/strong> geho<\/span><span style=\"font-weight: 400;\">\u0308<\/span><span style=\"font-weight: 400;\">rt zu den herausragenden Pianisten Italiens, hoch gelobt von Presse und Publikum. Dabei geho<\/span><span style=\"font-weight: 400;\">\u0308<\/span><span style=\"font-weight: 400;\">rt er nicht zu den Pianisten, die bereits seit ihrer Kindheit im Rampenlicht stehen, wenngleich er seinen ersten Klavierunterricht im Alter von sechs Jahren erhielt. Ihm wurde genu<\/span><span style=\"font-weight: 400;\">\u0308<\/span><span style=\"font-weight: 400;\">gend Zeit gelassen, seine enormen Fa<\/span><span style=\"font-weight: 400;\">\u0308<\/span><span style=\"font-weight: 400;\">higkeiten zu entwickeln, was sich sicherlich auch in seinen brillanten und leidenschaftlichen, jedoch stets unaufdringlichen Interpretationen widerspiegelt.<\/span><\/p>\n<p><span style=\"font-weight: 400;\">Nach und nach konnte er in u<\/span><span style=\"font-weight: 400;\">\u0308<\/span><span style=\"font-weight: 400;\">beraus bedeutenden Kulturzentren Erfahrungen sammeln, woraufhin er im Jahr 2007 sein Debut in der New Yorker Carnegie Weill Recital Hall vor einem hingerissenen Publikum gab. Gianluca Luisi studierte bei Franco Scala und Piero Rattalino an der Musikhochschule in Imola und bei Aldo Ciccolini in Paris und Sergio Perticaroli in Rom. Er erhielt mehrere Spitzenpreise bei Wettbewerben. Bisher ist Luisi in Deutschland, Frankreich, Gro\u00dfbritannien, Luxemburg, Malta, O<\/span><span style=\"font-weight: 400;\">\u0308<\/span><span style=\"font-weight: 400;\">sterreich, Portugal, in der Schweiz, den Vereinigten Staaten von Amerika, Japan, China sowie in seinem Heimatland Italien aufgetreten.<\/span><\/p>\n<p><span style=\"font-weight: 400;\">Er gastierte in renommierten Konzertsa<\/span><span style=\"font-weight: 400;\">\u0308<\/span><span style=\"font-weight: 400;\">len wie z. B. im Auditorium di Milano, dem Purcell Room der Royal Albert Hall in London, der Carnegie Hall in New York und dem Baumann Auditorium in Portland. Au\u00dferdem war er beim Schleswig-Holstein- Musik Festival, dem Bachfest Leipzig, dem Europa<\/span><span style=\"font-weight: 400;\">\u0308<\/span><span style=\"font-weight: 400;\">ischen Musikfest Stuttgart, den Musikfestspielen Saar und bei den Serate Musicali in Mailand zu Gast. Gianluca Luisi spielte mit herausragenden Dirigenten und Orchestern und hat au\u00dferdem feste Kammermusikpartnerschaften mit dem Ensemble Concertant Frankfurt und dem Quintett Chantily.<\/span><\/p>\n<p><span style=\"font-weight: 400;\">Zu seinen Programmen geh\u00f6rten auch seltene und schwer zu spielende Repertoires wie das Integral des wohltemperierten Clapper von J.S.Bach, das an zwei Abenden auswendig gespielt und f\u00fcr Centaur Records aufgenommen wurde, das Integral der Beethoven-Sinfonien in der Transkription von F. Liszt (zusammen mit dem Pianisten Konstantin Sherbakov), den beiden Konzerten von Chopin mit dem Streichorchester des Frankfurter Radiosenders, den Sonaten von L.Thuille, der Musik von G. Onslow, den englischen und franz\u00f6sischen Suiten von J.S.Bach.<\/span><\/p>\n<p><span style=\"font-weight: 400;\">Er machte 26 Aufnahmen f\u00fcr verschiedene Labels, darunter Centaur Records (Bach WTC und Liszt, Pilgerjahre), Naxos (Kammermusik von L. Thuille, Liszt-Klavierkonzerte und Cramer-Studien), Dabringhaus und Grimm mDG (die beiden Konzerte von) Chopin und G.Onslow Quintetts), die 6 French Games und 6 Suites von JSBach f\u00fcr AEVEA Classic, die Sonaten von WA Mozart und anderes Repertoire f\u00fcr Onclassical, M.Clementis Studien f\u00fcr ARTS und eine CD f\u00fcr Pianorecital mit den musikalischen Momenten von F. Schubert. Seine Aufnahme des Wolthemperierte Klavier von J.S.Bach erhielt von der Zeitschrift Piano News in Deutschland 6 von 6 Sternen, und der amerikanische Recorde Guide nannte es zusammen mit dem historischen Edwin Fischer eine absolute Referenz.<\/span><\/p>\n<p><span style=\"font-weight: 400;\">Die CD mit L.Thuilles Werken hat unz\u00e4hlige Auszeichnungen erhalten (&#8222;das Spiel ist technisch und musikalisch hervorragend, EXPEDITION AUDIO Reviews). Die CD des d\u00e4nischen Labels Danacord auf dem Husum Festival wurde von GRAMOPHONE (UK) als beste CD des englischen Magazins des Monats November 2013 bezeichnet. Die Zeitschrift &#8222;Music&#8220; hat mit 5 von 5 Sternen einige ihrer Platten bewertet Die Naxos-CD mit Transkriptionen von F. Liszt wurde auch von Maestro Vladimir Ashkenazy gesch\u00e4tzt.<\/span><\/p>\n<p><span style=\"font-weight: 400;\">Konzerte (live) wurden von Deutschland Radio Kultur (Berlin), Cleveland Radio (USA), Bayerischer Rundfunk (M\u00fcnchen) und Saarlandischer Rundfunk (Deutschland) aufgenommen. Er hat mit internationalen Orchestern wie dem Frankfurt Philharmonic Orchestra, dem Form (Marchigiana Philharmonic Orchestra), dem San Carlo Orchestra von Neapel, dem Shanghai Philharmonic Orchestra, dem Deutsch Kammer Orchestra, dem Dubrovnik Symphony Orchestra, dem Orchester zusammengearbeitet Sinfonica Rossini, das Kasugay Orchestra (Japan), das Ensemble Concertant Frankfurt. Er arbeitete mit folgenden Musikern und Dirigenten zusammen: Alun Francis, Thomas Sanderling (w\u00e4hrend der Engadin-Sommer-Akademie St. Moritz), Michel Brousseau, David Crescenzi, Andrea Battistoni, Enrico Belli, Mirca Rosciani und Peter Eotvos Contemporary Akademie-Stiftung von Budapest), Michael Zukernik.<\/span><\/p>\n<p><span style=\"font-weight: 400;\">Sein Repertoire ist gro\u00df und reicht von Bach bis zu seinen Zeitgenossen.<\/span><\/p>\n<p><span style=\"font-weight: 400;\">Er wurde in die Jury des prestigetr\u00e4chtigen Tschaikowsky-Wettbewerbs f\u00fcr junge Pianisten eingeladen, bei dem auch der ber\u00fchmte chinesische Pianist Lang Lang der Gewinner war. Seit 2011 ist er k\u00fcnstlerischer Leiter des historischen Wettbewerbs &#8222;Pianist Cup&#8220; (Mitglied der Alink Argerich Foundation, AAF) des Festivals &#8222;Osimo Piano Hours&#8220; und im 2015 erhielt er die Ehrenb\u00fcrgerschaft der Stadt. Er ist Mitglied der Shenzhen Artstar Cultural Community Co. LTD und des International Piano Museum Organizing Center in Shenzhen (China). Er unterrichtete an der Akademie von Imola \u201eIncontri col Maestro\u201c im mehrj\u00e4hrigen Kurs f\u00fcr junge Pianisten, an der Musikakademie von Pescara, an der Klavierakademie der Marken von Recanati, an der Engadin-Sommer-Akademie von Samedan in San Moritz Dozent am Umberto Giordano Konservatorium in Foggia und Conservatorio G. Rossini in Pesaro . Er hat Aufbaustudien an wichtigen amerikanischen Universit\u00e4ten (Portland George Fox, Nevada Las Vegas, New Yorker Westminster-Konservatorium, Lower Columbia College Washington, Denver State University, Colorado), an der Hochschule des Saarlandes, in Japan (Nagoya-Kurs Yamaha-Fakult\u00e4t) und China durchgef\u00fchrt am Shanghai Music Conservatory. Er ermutigte die Karriere einiger sehr talentierter junger Pianisten und Studenten, die wichtige Preise gewonnen haben.<\/span><\/p>\n<p><span style=\"font-weight: 400;\"><strong>NEW YORK CONCERT REVIEW<\/strong>: &#8222;<em>Luisis Klavierspiel war in der Pr\u00e4sentation erstaunlich. Er ist ein sehr starker und einfallsreicher K\u00fcnstler, ein ausgezeichneter Pianist, der Weltanerkennung verdient.<\/em>&#8222;<\/span><\/p>\n<p><span style=\"font-weight: 400;\"><strong>FANFARE<\/strong>, <strong>Lynn Ren\u00e9 Bayle<\/strong>: &#8222;<em>Gianluca Luisi: Ein Stern auf dem Vormarsch &#8211; In einer besseren Welt w\u00fcrde Gianluca Luisi als nat\u00fcrlicher Nachfolger von Maurizio Pollini gefeiert werden &#8230;<\/em>&#8222;<\/span><\/p>\n<p><span style=\"font-weight: 400;\"><strong>NORDBAYRISCHER KURIER BAYREUTH<\/strong>: &#8222;<em>&#8230; ein Abend mit einem Pianisten von Weltklasse!<\/em>&#8222;<\/span><\/p>\n<p><span style=\"font-weight: 400;\"><strong>Gianluca Luisi<\/strong> liebt insbesondere die Musik Johann Sebastian Bachs und spielt ha<\/span><span style=\"font-weight: 400;\">\u0308<\/span><span style=\"font-weight: 400;\">ufig monographische Programme dieses Komponisten.<\/span><\/p>\n<\/div><div class=\"fusion-sep-clear\"><\/div><div class=\"fusion-separator fusion-full-width-sep\" style=\"margin-left: auto;margin-right: auto;margin-bottom:50px;width:100%;\"><\/div><div class=\"fusion-sep-clear\"><\/div><\/div><\/div><div class=\"fusion-clearfix\"><\/div><\/div><\/div><\/div><\/div><\/p>\n","protected":false},"excerpt":{"rendered":"","protected":false},"author":1,"featured_media":0,"parent":0,"menu_order":0,"comment_status":"closed","ping_status":"closed","template":"100-width.php","meta":[],"yoast_head":"<!-- This site is optimized with the Yoast SEO plugin v21.8.1 - https:\/\/yoast.com\/wordpress\/plugins\/seo\/ -->\n<title>BIOGRAFIE - Gianluca Luisi<\/title>\n<meta name=\"robots\" content=\"index, follow, max-snippet:-1, max-image-preview:large, max-video-preview:-1\" \/>\n<link rel=\"canonical\" href=\"https:\/\/www.gianlucaluisi.com\/de\/biografie\/\" \/>\n<meta property=\"og:locale\" content=\"de_DE\" \/>\n<meta property=\"og:type\" content=\"article\" \/>\n<meta property=\"og:title\" content=\"BIOGRAFIE - Gianluca Luisi\" \/>\n<meta property=\"og:url\" content=\"https:\/\/www.gianlucaluisi.com\/de\/biografie\/\" \/>\n<meta property=\"og:site_name\" content=\"Gianluca Luisi\" \/>\n<meta property=\"article:publisher\" content=\"https:\/\/www.facebook.com\/GianlucaLuisiPianist\" \/>\n<meta property=\"article:modified_time\" content=\"2023-03-29T17:01:42+00:00\" \/>\n<meta property=\"og:image\" content=\"https:\/\/www.gianlucaluisi.com\/wp-content\/uploads\/2019\/03\/luisi_biografia-300x229.jpg\" \/>\n<meta name=\"twitter:card\" content=\"summary_large_image\" \/>\n<meta name=\"twitter:label1\" content=\"Gesch\u00e4tzte Lesezeit\" \/>\n\t<meta name=\"twitter:data1\" content=\"7\u00a0Minuten\" \/>\n<script type=\"application\/ld+json\" class=\"yoast-schema-graph\">{\"@context\":\"https:\/\/schema.org\",\"@graph\":[{\"@type\":\"WebPage\",\"@id\":\"https:\/\/www.gianlucaluisi.com\/de\/biografie\/\",\"url\":\"https:\/\/www.gianlucaluisi.com\/de\/biografie\/\",\"name\":\"BIOGRAFIE - Gianluca Luisi\",\"isPartOf\":{\"@id\":\"https:\/\/www.gianlucaluisi.com\/#website\"},\"datePublished\":\"2019-03-18T16:03:59+00:00\",\"dateModified\":\"2023-03-29T17:01:42+00:00\",\"breadcrumb\":{\"@id\":\"https:\/\/www.gianlucaluisi.com\/de\/biografie\/#breadcrumb\"},\"inLanguage\":\"de\",\"potentialAction\":[{\"@type\":\"ReadAction\",\"target\":[\"https:\/\/www.gianlucaluisi.com\/de\/biografie\/\"]}]},{\"@type\":\"BreadcrumbList\",\"@id\":\"https:\/\/www.gianlucaluisi.com\/de\/biografie\/#breadcrumb\",\"itemListElement\":[{\"@type\":\"ListItem\",\"position\":1,\"name\":\"Home\",\"item\":\"https:\/\/www.gianlucaluisi.com\/de\/\"},{\"@type\":\"ListItem\",\"position\":2,\"name\":\"BIOGRAFIE\"}]},{\"@type\":\"WebSite\",\"@id\":\"https:\/\/www.gianlucaluisi.com\/#website\",\"url\":\"https:\/\/www.gianlucaluisi.com\/\",\"name\":\"Gianluca Luisi Pianist\",\"description\":\"Official Web Site\",\"publisher\":{\"@id\":\"https:\/\/www.gianlucaluisi.com\/#organization\"},\"potentialAction\":[{\"@type\":\"SearchAction\",\"target\":{\"@type\":\"EntryPoint\",\"urlTemplate\":\"https:\/\/www.gianlucaluisi.com\/?s={search_term_string}\"},\"query-input\":\"required name=search_term_string\"}],\"inLanguage\":\"de\"},{\"@type\":\"Organization\",\"@id\":\"https:\/\/www.gianlucaluisi.com\/#organization\",\"name\":\"Gianluca Luisi Pianist\",\"url\":\"https:\/\/www.gianlucaluisi.com\/\",\"logo\":{\"@type\":\"ImageObject\",\"inLanguage\":\"de\",\"@id\":\"https:\/\/www.gianlucaluisi.com\/#\/schema\/logo\/image\/\",\"url\":\"https:\/\/www.gianlucaluisi.com\/wp-content\/uploads\/2019\/04\/gianlucaluisi-fotopress-1.jpg\",\"contentUrl\":\"https:\/\/www.gianlucaluisi.com\/wp-content\/uploads\/2019\/04\/gianlucaluisi-fotopress-1.jpg\",\"width\":550,\"height\":550,\"caption\":\"Gianluca Luisi Pianist\"},\"image\":{\"@id\":\"https:\/\/www.gianlucaluisi.com\/#\/schema\/logo\/image\/\"},\"sameAs\":[\"https:\/\/www.facebook.com\/GianlucaLuisiPianist\",\"https:\/\/www.instagram.com\/gianlucaluisi1\/\",\"https:\/\/www.youtube.com\/user\/GianluLuisi\"]}]}<\/script>\n<!-- \/ Yoast SEO plugin. -->","yoast_head_json":{"title":"BIOGRAFIE - Gianluca Luisi","robots":{"index":"index","follow":"follow","max-snippet":"max-snippet:-1","max-image-preview":"max-image-preview:large","max-video-preview":"max-video-preview:-1"},"canonical":"https:\/\/www.gianlucaluisi.com\/de\/biografie\/","og_locale":"de_DE","og_type":"article","og_title":"BIOGRAFIE - Gianluca Luisi","og_url":"https:\/\/www.gianlucaluisi.com\/de\/biografie\/","og_site_name":"Gianluca Luisi","article_publisher":"https:\/\/www.facebook.com\/GianlucaLuisiPianist","article_modified_time":"2023-03-29T17:01:42+00:00","og_image":[{"url":"https:\/\/www.gianlucaluisi.com\/wp-content\/uploads\/2019\/03\/luisi_biografia-300x229.jpg"}],"twitter_card":"summary_large_image","twitter_misc":{"Gesch\u00e4tzte Lesezeit":"7\u00a0Minuten"},"schema":{"@context":"https:\/\/schema.org","@graph":[{"@type":"WebPage","@id":"https:\/\/www.gianlucaluisi.com\/de\/biografie\/","url":"https:\/\/www.gianlucaluisi.com\/de\/biografie\/","name":"BIOGRAFIE - Gianluca Luisi","isPartOf":{"@id":"https:\/\/www.gianlucaluisi.com\/#website"},"datePublished":"2019-03-18T16:03:59+00:00","dateModified":"2023-03-29T17:01:42+00:00","breadcrumb":{"@id":"https:\/\/www.gianlucaluisi.com\/de\/biografie\/#breadcrumb"},"inLanguage":"de","potentialAction":[{"@type":"ReadAction","target":["https:\/\/www.gianlucaluisi.com\/de\/biografie\/"]}]},{"@type":"BreadcrumbList","@id":"https:\/\/www.gianlucaluisi.com\/de\/biografie\/#breadcrumb","itemListElement":[{"@type":"ListItem","position":1,"name":"Home","item":"https:\/\/www.gianlucaluisi.com\/de\/"},{"@type":"ListItem","position":2,"name":"BIOGRAFIE"}]},{"@type":"WebSite","@id":"https:\/\/www.gianlucaluisi.com\/#website","url":"https:\/\/www.gianlucaluisi.com\/","name":"Gianluca Luisi Pianist","description":"Official Web Site","publisher":{"@id":"https:\/\/www.gianlucaluisi.com\/#organization"},"potentialAction":[{"@type":"SearchAction","target":{"@type":"EntryPoint","urlTemplate":"https:\/\/www.gianlucaluisi.com\/?s={search_term_string}"},"query-input":"required name=search_term_string"}],"inLanguage":"de"},{"@type":"Organization","@id":"https:\/\/www.gianlucaluisi.com\/#organization","name":"Gianluca Luisi Pianist","url":"https:\/\/www.gianlucaluisi.com\/","logo":{"@type":"ImageObject","inLanguage":"de","@id":"https:\/\/www.gianlucaluisi.com\/#\/schema\/logo\/image\/","url":"https:\/\/www.gianlucaluisi.com\/wp-content\/uploads\/2019\/04\/gianlucaluisi-fotopress-1.jpg","contentUrl":"https:\/\/www.gianlucaluisi.com\/wp-content\/uploads\/2019\/04\/gianlucaluisi-fotopress-1.jpg","width":550,"height":550,"caption":"Gianluca Luisi Pianist"},"image":{"@id":"https:\/\/www.gianlucaluisi.com\/#\/schema\/logo\/image\/"},"sameAs":["https:\/\/www.facebook.com\/GianlucaLuisiPianist","https:\/\/www.instagram.com\/gianlucaluisi1\/","https:\/\/www.youtube.com\/user\/GianluLuisi"]}]}},"_links":{"self":[{"href":"https:\/\/www.gianlucaluisi.com\/de\/wp-json\/wp\/v2\/pages\/1495"}],"collection":[{"href":"https:\/\/www.gianlucaluisi.com\/de\/wp-json\/wp\/v2\/pages"}],"about":[{"href":"https:\/\/www.gianlucaluisi.com\/de\/wp-json\/wp\/v2\/types\/page"}],"author":[{"embeddable":true,"href":"https:\/\/www.gianlucaluisi.com\/de\/wp-json\/wp\/v2\/users\/1"}],"replies":[{"embeddable":true,"href":"https:\/\/www.gianlucaluisi.com\/de\/wp-json\/wp\/v2\/comments?post=1495"}],"version-history":[{"count":15,"href":"https:\/\/www.gianlucaluisi.com\/de\/wp-json\/wp\/v2\/pages\/1495\/revisions"}],"predecessor-version":[{"id":2842,"href":"https:\/\/www.gianlucaluisi.com\/de\/wp-json\/wp\/v2\/pages\/1495\/revisions\/2842"}],"wp:attachment":[{"href":"https:\/\/www.gianlucaluisi.com\/de\/wp-json\/wp\/v2\/media?parent=1495"}],"curies":[{"name":"wp","href":"https:\/\/api.w.org\/{rel}","templated":true}]}}